{"id":9505,"date":"2024-04-24T11:46:34","date_gmt":"2024-04-24T11:46:34","guid":{"rendered":"https:\/\/experium.travel\/?page_id=9505"},"modified":"2024-09-04T09:02:52","modified_gmt":"2024-09-04T09:02:52","slug":"services","status":"publish","type":"page","link":"https:\/\/experium.travel\/es\/services\/","title":{"rendered":"SERVICIOS"},"content":{"rendered":"<div data-elementor-type=\"wp-page\" data-elementor-id=\"9505\" class=\"elementor elementor-9505\">\n\t\t\t\t\t\t<section class=\"elementor-section elementor-top-section elementor-element elementor-element-cdaa6a6 elementor-section-full_width elementor-section-height-default elementor-section-height-default mkdf-parallax-row-no mkdf-content-aligment-left mkdf-row-grid-no\" data-id=\"cdaa6a6\" data-element_type=\"section\" data-e-type=\"section\">\n\t\t\t\t\t\t<div class=\"elementor-container elementor-column-gap-default\">\n\t\t\t\t\t<div class=\"elementor-column elementor-col-100 elementor-top-column elementor-element elementor-element-3dba87e\" data-id=\"3dba87e\" data-element_type=\"column\" data-e-type=\"column\">\n\t\t\t<div class=\"elementor-widget-wrap elementor-element-populated\">\n\t\t\t\t\t\t<div class=\"elementor-element elementor-element-999eb2d elementor-widget__width-inherit elementor-widget elementor-widget-image-carousel\" data-id=\"999eb2d\" data-element_type=\"widget\" data-e-type=\"widget\" data-settings=\"{&quot;slides_to_show&quot;:&quot;3&quot;,&quot;navigation&quot;:&quot;none&quot;,&quot;slides_to_show_mobile&quot;:&quot;1&quot;,&quot;slides_to_scroll&quot;:&quot;1&quot;,&quot;autoplay&quot;:&quot;yes&quot;,&quot;pause_on_hover&quot;:&quot;yes&quot;,&quot;pause_on_interaction&quot;:&quot;yes&quot;,&quot;autoplay_speed&quot;:5000,&quot;infinite&quot;:&quot;yes&quot;,&quot;speed&quot;:500}\" data-widget_type=\"image-carousel.default\">\n\t\t\t\t<div class=\"elementor-widget-container\">\n\t\t\t\t\t\t\t<div class=\"elementor-image-carousel-wrapper swiper\" role=\"region\" aria-roledescription=\"carousel\" aria-label=\"Image Carousel\" dir=\"ltr\">\n\t\t\t<div class=\"elementor-image-carousel swiper-wrapper swiper-image-stretch\" aria-live=\"off\">\n\t\t\t\t\t\t\t\t<div class=\"swiper-slide\" role=\"group\" aria-roledescription=\"slide\" aria-label=\"1 of 6\"><figure class=\"swiper-slide-inner\"><img decoding=\"async\" class=\"swiper-slide-image\" src=\"https:\/\/experium.travel\/wp-content\/uploads\/2024\/05\/service1-min.jpg\" alt=\"service1-min\" \/><\/figure><\/div><div class=\"swiper-slide\" role=\"group\" aria-roledescription=\"slide\" aria-label=\"2 of 6\"><figure class=\"swiper-slide-inner\"><img decoding=\"async\" class=\"swiper-slide-image\" src=\"https:\/\/experium.travel\/wp-content\/uploads\/2024\/05\/service7-min.jpg\" alt=\"service7-min\" \/><\/figure><\/div><div class=\"swiper-slide\" role=\"group\" aria-roledescription=\"slide\" aria-label=\"3 of 6\"><figure class=\"swiper-slide-inner\"><img decoding=\"async\" class=\"swiper-slide-image\" src=\"https:\/\/experium.travel\/wp-content\/uploads\/2024\/05\/service3-min.jpg\" alt=\"service3-min\" \/><\/figure><\/div><div class=\"swiper-slide\" role=\"group\" aria-roledescription=\"slide\" aria-label=\"4 of 6\"><figure class=\"swiper-slide-inner\"><img decoding=\"async\" class=\"swiper-slide-image\" src=\"https:\/\/experium.travel\/wp-content\/uploads\/2024\/05\/service6-min.jpg\" alt=\"service6-min\" \/><\/figure><\/div><div class=\"swiper-slide\" role=\"group\" aria-roledescription=\"slide\" aria-label=\"5 of 6\"><figure class=\"swiper-slide-inner\"><img decoding=\"async\" class=\"swiper-slide-image\" src=\"https:\/\/experium.travel\/wp-content\/uploads\/2024\/05\/service5-min.jpg\" alt=\"service5-min\" \/><\/figure><\/div><div class=\"swiper-slide\" role=\"group\" aria-roledescription=\"slide\" aria-label=\"6 of 6\"><figure class=\"swiper-slide-inner\"><img decoding=\"async\" class=\"swiper-slide-image\" src=\"https:\/\/experium.travel\/wp-content\/uploads\/2024\/05\/2-min-2.jpg\" alt=\"2-min\" \/><\/figure><\/div>\t\t\t<\/div>\n\t\t\t\t\t\t\t\n\t\t\t\t\t\t\t\t\t<\/div>\n\t\t\t\t\t\t<\/div>\n\t\t\t\t<\/div>\n\t\t\t\t\t<\/div>\n\t\t<\/div>\n\t\t\t\t\t<\/div>\n\t\t<\/section>\n\t\t\t\t<section class=\"elementor-section elementor-top-section elementor-element elementor-element-31a4609 mkdf-row-grid-section elementor-section-boxed elementor-section-height-default elementor-section-height-default mkdf-parallax-row-no mkdf-content-aligment-left\" data-id=\"31a4609\" data-element_type=\"section\" data-e-type=\"section\">\n\t\t\t\t\t\t<div class=\"elementor-container elementor-column-gap-default\">\n\t\t\t\t\t<div class=\"elementor-column elementor-col-100 elementor-top-column elementor-element elementor-element-d708b16\" data-id=\"d708b16\" data-element_type=\"column\" data-e-type=\"column\">\n\t\t\t<div class=\"elementor-widget-wrap elementor-element-populated\">\n\t\t\t\t\t\t<div class=\"elementor-element elementor-element-906c0aa elementor-widget elementor-widget-text-editor\" data-id=\"906c0aa\" data-element_type=\"widget\" data-e-type=\"widget\" data-widget_type=\"text-editor.default\">\n\t\t\t\t<div class=\"elementor-widget-container\">\n\t\t\t\t\t\t\t\t\t<h1>SERVICIOS PREMIUM<\/h1>\t\t\t\t\t\t\t\t<\/div>\n\t\t\t\t<\/div>\n\t\t\t\t<div class=\"elementor-element elementor-element-9fda717 elementor-widget elementor-widget-text-editor\" data-id=\"9fda717\" data-element_type=\"widget\" data-e-type=\"widget\" data-widget_type=\"text-editor.default\">\n\t\t\t\t<div class=\"elementor-widget-container\">\n\t\t\t\t\t\t\t\t\t<div class=\"wpb_text_column wpb_content_element\"><div class=\"wpb_wrapper\"><div class=\"wpb_text_column wpb_content_element\"><div class=\"wpb_wrapper\">Desde alojamientos de lujo, tours privados, actividades \u00fanicas y acceso exclusivo a eventos hasta charters privados, Experium elegir\u00e1 cada detalle para ofrecer experiencias personalizadas de alta gama. Despu\u00e9s de m\u00e1s de 35 a\u00f1os en el sector, hemos establecido relaciones s\u00f3lidas con hoteles de lujo, resorts, villas privadas y proveedores de alta gama para asegurar privilegios exclusivos para nuestros clientes. \nOfrecemos traslados privados con veh\u00edculos de lujo, jets privados y otras opciones de transporte premium que brindar\u00e1n un viaje c\u00f3modo a nuestros clientes. Adem\u00e1s de dise\u00f1ar servicios de viaje personalizados, ofrecemos una gama premium de experiencias que enriquecer\u00e1n su experiencia de viaje sin olvidar la historia y cultura local del pa\u00eds. \nExperium cuenta con un profundo conocimiento de los destinos, lo que nos permite estar al tanto de las \u00faltimas tendencias, gemas escondidas y ofertas exclusivas en diferentes ubicaciones para crear experiencias extraordinarias para nuestros clientes.<\/div><\/div><\/div><\/div>\t\t\t\t\t\t\t\t<\/div>\n\t\t\t\t<\/div>\n\t\t\t\t\t<\/div>\n\t\t<\/div>\n\t\t\t\t\t<\/div>\n\t\t<\/section>\n\t\t\t\t<section class=\"elementor-section elementor-top-section elementor-element elementor-element-ab866c2 mkdf-row-grid-section elementor-section-boxed elementor-section-height-default elementor-section-height-default mkdf-parallax-row-no mkdf-content-aligment-left\" data-id=\"ab866c2\" data-element_type=\"section\" data-e-type=\"section\">\n\t\t\t\t\t\t<div class=\"elementor-container elementor-column-gap-default\">\n\t\t\t\t\t<div class=\"elementor-column elementor-col-50 elementor-top-column elementor-element elementor-element-1ef2f95\" data-id=\"1ef2f95\" data-element_type=\"column\" data-e-type=\"column\">\n\t\t\t<div class=\"elementor-widget-wrap elementor-element-populated\">\n\t\t\t\t\t\t<div class=\"elementor-element elementor-element-16f4054 elementor-widget elementor-widget-text-editor\" data-id=\"16f4054\" data-element_type=\"widget\" data-e-type=\"widget\" data-widget_type=\"text-editor.default\">\n\t\t\t\t<div class=\"elementor-widget-container\">\n\t\t\t\t\t\t\t\t\t<h1>1. DEDICACI\u00d3N <br \/>A LA EXCELENCIA<\/h1>\t\t\t\t\t\t\t\t<\/div>\n\t\t\t\t<\/div>\n\t\t\t\t<div class=\"elementor-element elementor-element-eec64f6 elementor-widget elementor-widget-text-editor\" data-id=\"eec64f6\" data-element_type=\"widget\" data-e-type=\"widget\" data-widget_type=\"text-editor.default\">\n\t\t\t\t<div class=\"elementor-widget-container\">\n\t\t\t\t\t\t\t\t\t<div class=\"wpb_text_column wpb_content_element\"><div class=\"wpb_wrapper\"><div class=\"wpb_text_column wpb_content_element\"><div class=\"wpb_wrapper\">En Experium, nuestro equipo est\u00e1 dedicado a crear experiencias de viaje extraordinarias. Nuestros expertos en viajes y gu\u00edas locales comparten un profundo amor por Oriente Medio y su rica cultura, asegurando que cada viaje supere las expectativas.<\/div><\/div><\/div><\/div>\t\t\t\t\t\t\t\t<\/div>\n\t\t\t\t<\/div>\n\t\t\t\t\t<\/div>\n\t\t<\/div>\n\t\t\t\t<div class=\"elementor-column elementor-col-50 elementor-top-column elementor-element elementor-element-4d18fa8\" data-id=\"4d18fa8\" data-element_type=\"column\" data-e-type=\"column\">\n\t\t\t<div class=\"elementor-widget-wrap elementor-element-populated\">\n\t\t\t\t\t\t<div class=\"elementor-element elementor-element-a817445 elementor-widget elementor-widget-image\" data-id=\"a817445\" data-element_type=\"widget\" data-e-type=\"widget\" data-widget_type=\"image.default\">\n\t\t\t\t<div class=\"elementor-widget-container\">\n\t\t\t\t\t\t\t\t\t\t\t\t\t\t\t<img fetchpriority=\"high\" decoding=\"async\" width=\"2500\" height=\"1572\" src=\"https:\/\/experium.travel\/wp-content\/uploads\/2024\/05\/File-min-1.jpg\" class=\"attachment-full size-full wp-image-10586\" alt=\"\" srcset=\"https:\/\/experium.travel\/wp-content\/uploads\/2024\/05\/File-min-1.jpg 2500w, https:\/\/experium.travel\/wp-content\/uploads\/2024\/05\/File-min-1-300x189.jpg 300w, https:\/\/experium.travel\/wp-content\/uploads\/2024\/05\/File-min-1-1024x644.jpg 1024w, https:\/\/experium.travel\/wp-content\/uploads\/2024\/05\/File-min-1-768x483.jpg 768w, https:\/\/experium.travel\/wp-content\/uploads\/2024\/05\/File-min-1-1536x966.jpg 1536w, https:\/\/experium.travel\/wp-content\/uploads\/2024\/05\/File-min-1-600x377.jpg 600w\" sizes=\"(max-width: 2500px) 100vw, 2500px\" \/>\t\t\t\t\t\t\t\t\t\t\t\t\t\t\t<\/div>\n\t\t\t\t<\/div>\n\t\t\t\t\t<\/div>\n\t\t<\/div>\n\t\t\t\t\t<\/div>\n\t\t<\/section>\n\t\t\t\t<section class=\"elementor-section elementor-top-section elementor-element elementor-element-80531f0 mkdf-row-grid-section elementor-section-boxed elementor-section-height-default elementor-section-height-default mkdf-parallax-row-no mkdf-content-aligment-left\" data-id=\"80531f0\" data-element_type=\"section\" data-e-type=\"section\">\n\t\t\t\t\t\t<div class=\"elementor-container elementor-column-gap-default\">\n\t\t\t\t\t<div class=\"elementor-column elementor-col-50 elementor-top-column elementor-element elementor-element-dc84efa\" data-id=\"dc84efa\" data-element_type=\"column\" data-e-type=\"column\">\n\t\t\t<div class=\"elementor-widget-wrap elementor-element-populated\">\n\t\t\t\t\t\t<div class=\"elementor-element elementor-element-1101a89 elementor-widget elementor-widget-text-editor\" data-id=\"1101a89\" data-element_type=\"widget\" data-e-type=\"widget\" data-widget_type=\"text-editor.default\">\n\t\t\t\t<div class=\"elementor-widget-container\">\n\t\t\t\t\t\t\t\t\t<h1>2. ATENCI\u00d3N PERSONALIZADA<\/h1>\t\t\t\t\t\t\t\t<\/div>\n\t\t\t\t<\/div>\n\t\t\t\t<div class=\"elementor-element elementor-element-f2f43c7 elementor-widget elementor-widget-text-editor\" data-id=\"f2f43c7\" data-element_type=\"widget\" data-e-type=\"widget\" data-widget_type=\"text-editor.default\">\n\t\t\t\t<div class=\"elementor-widget-container\">\n\t\t\t\t\t\t\t\t\t<div class=\"wpb_text_column wpb_content_element\"><div class=\"wpb_wrapper\"><div class=\"wpb_text_column wpb_content_element\"><div class=\"wpb_wrapper\">Adaptamos cada viaje al viajero. Nuestro equipo elabora itinerarios personalizados seg\u00fan las preferencias e intereses de nuestros clientes, brindando una atenci\u00f3n personalizada desde la consulta hasta el \u00faltimo momento, asegurando que cada detalle sea inborrable.<\/div><\/div><\/div><\/div>\t\t\t\t\t\t\t\t<\/div>\n\t\t\t\t<\/div>\n\t\t\t\t\t<\/div>\n\t\t<\/div>\n\t\t\t\t<div class=\"elementor-column elementor-col-50 elementor-top-column elementor-element elementor-element-21bf818\" data-id=\"21bf818\" data-element_type=\"column\" data-e-type=\"column\">\n\t\t\t<div class=\"elementor-widget-wrap elementor-element-populated\">\n\t\t\t\t\t\t<div class=\"elementor-element elementor-element-8a1e88b elementor-widget elementor-widget-image\" data-id=\"8a1e88b\" data-element_type=\"widget\" data-e-type=\"widget\" data-widget_type=\"image.default\">\n\t\t\t\t<div class=\"elementor-widget-container\">\n\t\t\t\t\t\t\t\t\t\t\t\t\t\t\t<img decoding=\"async\" width=\"1200\" height=\"720\" src=\"https:\/\/experium.travel\/wp-content\/uploads\/2024\/06\/Siwa-1200-x-720.png\" class=\"attachment-full size-full wp-image-10608\" alt=\"\" srcset=\"https:\/\/experium.travel\/wp-content\/uploads\/2024\/06\/Siwa-1200-x-720.png 1200w, https:\/\/experium.travel\/wp-content\/uploads\/2024\/06\/Siwa-1200-x-720-300x180.png 300w, https:\/\/experium.travel\/wp-content\/uploads\/2024\/06\/Siwa-1200-x-720-1024x614.png 1024w, https:\/\/experium.travel\/wp-content\/uploads\/2024\/06\/Siwa-1200-x-720-768x461.png 768w, https:\/\/experium.travel\/wp-content\/uploads\/2024\/06\/Siwa-1200-x-720-600x360.png 600w\" sizes=\"(max-width: 1200px) 100vw, 1200px\" \/>\t\t\t\t\t\t\t\t\t\t\t\t\t\t\t<\/div>\n\t\t\t\t<\/div>\n\t\t\t\t\t<\/div>\n\t\t<\/div>\n\t\t\t\t\t<\/div>\n\t\t<\/section>\n\t\t\t\t<section class=\"elementor-section elementor-top-section elementor-element elementor-element-ae3e1b8 mkdf-row-grid-section elementor-section-boxed elementor-section-height-default elementor-section-height-default mkdf-parallax-row-no mkdf-content-aligment-left\" data-id=\"ae3e1b8\" data-element_type=\"section\" data-e-type=\"section\">\n\t\t\t\t\t\t<div class=\"elementor-container elementor-column-gap-default\">\n\t\t\t\t\t<div class=\"elementor-column elementor-col-50 elementor-top-column elementor-element elementor-element-f5a6297\" data-id=\"f5a6297\" data-element_type=\"column\" data-e-type=\"column\">\n\t\t\t<div class=\"elementor-widget-wrap elementor-element-populated\">\n\t\t\t\t\t\t<div class=\"elementor-element elementor-element-6b372a6 elementor-widget elementor-widget-text-editor\" data-id=\"6b372a6\" data-element_type=\"widget\" data-e-type=\"widget\" data-widget_type=\"text-editor.default\">\n\t\t\t\t<div class=\"elementor-widget-container\">\n\t\t\t\t\t\t\t\t\t<h1>3. ACCESO EXCLUSIVO<\/h1>\t\t\t\t\t\t\t\t<\/div>\n\t\t\t\t<\/div>\n\t\t\t\t<div class=\"elementor-element elementor-element-83c6dc3 elementor-widget elementor-widget-text-editor\" data-id=\"83c6dc3\" data-element_type=\"widget\" data-e-type=\"widget\" data-widget_type=\"text-editor.default\">\n\t\t\t\t<div class=\"elementor-widget-container\">\n\t\t\t\t\t\t\t\t\t<div class=\"wpb_text_column wpb_content_element\"><div class=\"wpb_wrapper\"><div class=\"wpb_text_column wpb_content_element\"><div class=\"wpb_wrapper\">Experium ofrece acceso exclusivo a experiencias extraordinarias a trav\u00e9s de s\u00f3lidas alianzas locales. Los clientes disfrutan de tours privados, eventos culturales distintos elevando su experiencia de viaje.<\/div><\/div><\/div><\/div>\t\t\t\t\t\t\t\t<\/div>\n\t\t\t\t<\/div>\n\t\t\t\t\t<\/div>\n\t\t<\/div>\n\t\t\t\t<div class=\"elementor-column elementor-col-50 elementor-top-column elementor-element elementor-element-db65fc6\" data-id=\"db65fc6\" data-element_type=\"column\" data-e-type=\"column\">\n\t\t\t<div class=\"elementor-widget-wrap elementor-element-populated\">\n\t\t\t\t\t\t<div class=\"elementor-element elementor-element-d49bd31 elementor-widget elementor-widget-image\" data-id=\"d49bd31\" data-element_type=\"widget\" data-e-type=\"widget\" data-widget_type=\"image.default\">\n\t\t\t\t<div class=\"elementor-widget-container\">\n\t\t\t\t\t\t\t\t\t\t\t\t\t\t\t<img decoding=\"async\" width=\"1200\" height=\"720\" src=\"https:\/\/experium.travel\/wp-content\/uploads\/2024\/05\/clmusic.jpg\" class=\"attachment-full size-full wp-image-10538\" alt=\"\" srcset=\"https:\/\/experium.travel\/wp-content\/uploads\/2024\/05\/clmusic.jpg 1200w, https:\/\/experium.travel\/wp-content\/uploads\/2024\/05\/clmusic-300x180.jpg 300w, https:\/\/experium.travel\/wp-content\/uploads\/2024\/05\/clmusic-1024x614.jpg 1024w, https:\/\/experium.travel\/wp-content\/uploads\/2024\/05\/clmusic-768x461.jpg 768w, https:\/\/experium.travel\/wp-content\/uploads\/2024\/05\/clmusic-600x360.jpg 600w\" sizes=\"(max-width: 1200px) 100vw, 1200px\" \/>\t\t\t\t\t\t\t\t\t\t\t\t\t\t\t<\/div>\n\t\t\t\t<\/div>\n\t\t\t\t\t<\/div>\n\t\t<\/div>\n\t\t\t\t\t<\/div>\n\t\t<\/section>\n\t\t\t\t<\/div>","protected":false},"excerpt":{"rendered":"<p>Our Services From luxury accommodations, private tours, unique activities, and exclusive access to events to private charters, Experium will choose every single detail to deliver high-end tailored experiences. We have established, after more than 35 years in the field, solid [&hellip;]<\/p>\n","protected":false},"author":1,"featured_media":0,"parent":0,"menu_order":0,"comment_status":"closed","ping_status":"closed","template":"full-width.php","meta":{"_themeisle_gutenberg_block_has_review":false,"footnotes":""},"class_list":["post-9505","page","type-page","status-publish","hentry"],"_links":{"self":[{"href":"https:\/\/experium.travel\/es\/wp-json\/wp\/v2\/pages\/9505","targetHints":{"allow":["GET"]}}],"collection":[{"href":"https:\/\/experium.travel\/es\/wp-json\/wp\/v2\/pages"}],"about":[{"href":"https:\/\/experium.travel\/es\/wp-json\/wp\/v2\/types\/page"}],"author":[{"embeddable":true,"href":"https:\/\/experium.travel\/es\/wp-json\/wp\/v2\/users\/1"}],"replies":[{"embeddable":true,"href":"https:\/\/experium.travel\/es\/wp-json\/wp\/v2\/comments?post=9505"}],"version-history":[{"count":66,"href":"https:\/\/experium.travel\/es\/wp-json\/wp\/v2\/pages\/9505\/revisions"}],"predecessor-version":[{"id":10649,"href":"https:\/\/experium.travel\/es\/wp-json\/wp\/v2\/pages\/9505\/revisions\/10649"}],"wp:attachment":[{"href":"https:\/\/experium.travel\/es\/wp-json\/wp\/v2\/media?parent=9505"}],"curies":[{"name":"wp","href":"https:\/\/api.w.org\/{rel}","templated":true}]}}