{"id":9489,"date":"2024-04-24T11:40:44","date_gmt":"2024-04-24T11:40:44","guid":{"rendered":"https:\/\/experium.travel\/?page_id=9489"},"modified":"2024-09-04T09:01:51","modified_gmt":"2024-09-04T09:01:51","slug":"experiences","status":"publish","type":"page","link":"https:\/\/experium.travel\/es\/experiences\/","title":{"rendered":"EXPERIENCIAS"},"content":{"rendered":"<div data-elementor-type=\"wp-page\" data-elementor-id=\"9489\" class=\"elementor elementor-9489\">\n\t\t\t\t\t\t<section class=\"elementor-section elementor-top-section elementor-element elementor-element-56749be elementor-section-full_width elementor-section-height-default elementor-section-height-default mkdf-parallax-row-no mkdf-content-aligment-left mkdf-row-grid-no\" data-id=\"56749be\" data-element_type=\"section\" data-e-type=\"section\">\n\t\t\t\t\t\t<div class=\"elementor-container elementor-column-gap-default\">\n\t\t\t\t\t<div class=\"elementor-column elementor-col-100 elementor-top-column elementor-element elementor-element-027f380\" data-id=\"027f380\" data-element_type=\"column\" data-e-type=\"column\">\n\t\t\t<div class=\"elementor-widget-wrap elementor-element-populated\">\n\t\t\t\t\t\t<div class=\"elementor-element elementor-element-d1d6190 elementor-widget__width-inherit elementor-widget elementor-widget-image-carousel\" data-id=\"d1d6190\" data-element_type=\"widget\" data-e-type=\"widget\" data-settings=\"{&quot;slides_to_show&quot;:&quot;3&quot;,&quot;navigation&quot;:&quot;none&quot;,&quot;slides_to_show_mobile&quot;:&quot;1&quot;,&quot;slides_to_scroll&quot;:&quot;1&quot;,&quot;autoplay_speed&quot;:2500,&quot;autoplay&quot;:&quot;yes&quot;,&quot;pause_on_hover&quot;:&quot;yes&quot;,&quot;pause_on_interaction&quot;:&quot;yes&quot;,&quot;infinite&quot;:&quot;yes&quot;,&quot;speed&quot;:500}\" data-widget_type=\"image-carousel.default\">\n\t\t\t\t<div class=\"elementor-widget-container\">\n\t\t\t\t\t\t\t<div class=\"elementor-image-carousel-wrapper swiper\" role=\"region\" aria-roledescription=\"carousel\" aria-label=\"Image Carousel\" dir=\"ltr\">\n\t\t\t<div class=\"elementor-image-carousel swiper-wrapper swiper-image-stretch\" aria-live=\"off\">\n\t\t\t\t\t\t\t\t<div class=\"swiper-slide\" role=\"group\" aria-roledescription=\"slide\" aria-label=\"1 of 6\"><figure class=\"swiper-slide-inner\"><img decoding=\"async\" class=\"swiper-slide-image\" src=\"https:\/\/experium.travel\/wp-content\/uploads\/2024\/05\/gridArtboard-1-copy-4-100-min.jpg\" alt=\"gridArtboard 1 copy 4-100-min\" \/><\/figure><\/div><div class=\"swiper-slide\" role=\"group\" aria-roledescription=\"slide\" aria-label=\"2 of 6\"><figure class=\"swiper-slide-inner\"><img decoding=\"async\" class=\"swiper-slide-image\" src=\"https:\/\/experium.travel\/wp-content\/uploads\/2024\/05\/gridArtboard-1-copy-5-100-min.jpg\" alt=\"gridArtboard 1 copy 5-100-min\" \/><\/figure><\/div><div class=\"swiper-slide\" role=\"group\" aria-roledescription=\"slide\" aria-label=\"3 of 6\"><figure class=\"swiper-slide-inner\"><img decoding=\"async\" class=\"swiper-slide-image\" src=\"https:\/\/experium.travel\/wp-content\/uploads\/2024\/05\/gridArtboard-1-100-min.jpg\" alt=\"gridArtboard 1-100-min\" \/><\/figure><\/div><div class=\"swiper-slide\" role=\"group\" aria-roledescription=\"slide\" aria-label=\"4 of 6\"><figure class=\"swiper-slide-inner\"><img decoding=\"async\" class=\"swiper-slide-image\" src=\"https:\/\/experium.travel\/wp-content\/uploads\/2024\/05\/gridArtboard-1-copy-100-min.jpg\" alt=\"gridArtboard 1 copy-100-min\" \/><\/figure><\/div><div class=\"swiper-slide\" role=\"group\" aria-roledescription=\"slide\" aria-label=\"5 of 6\"><figure class=\"swiper-slide-inner\"><img decoding=\"async\" class=\"swiper-slide-image\" src=\"https:\/\/experium.travel\/wp-content\/uploads\/2024\/05\/gridArtboard-1-copy-2-100-min.jpg\" alt=\"gridArtboard 1 copy 2-100-min\" \/><\/figure><\/div><div class=\"swiper-slide\" role=\"group\" aria-roledescription=\"slide\" aria-label=\"6 of 6\"><figure class=\"swiper-slide-inner\"><img decoding=\"async\" class=\"swiper-slide-image\" src=\"https:\/\/experium.travel\/wp-content\/uploads\/2024\/05\/gridArtboard-1-copy-3-100-min.jpg\" alt=\"gridArtboard 1 copy 3-100-min\" \/><\/figure><\/div>\t\t\t<\/div>\n\t\t\t\t\t\t\t\n\t\t\t\t\t\t\t\t\t<\/div>\n\t\t\t\t\t\t<\/div>\n\t\t\t\t<\/div>\n\t\t\t\t\t<\/div>\n\t\t<\/div>\n\t\t\t\t\t<\/div>\n\t\t<\/section>\n\t\t\t\t<section class=\"elementor-section elementor-top-section elementor-element elementor-element-31a4609 mkdf-row-grid-section elementor-section-boxed elementor-section-height-default elementor-section-height-default mkdf-parallax-row-no mkdf-content-aligment-left\" data-id=\"31a4609\" data-element_type=\"section\" data-e-type=\"section\">\n\t\t\t\t\t\t<div class=\"elementor-container elementor-column-gap-default\">\n\t\t\t\t\t<div class=\"elementor-column elementor-col-100 elementor-top-column elementor-element elementor-element-d708b16\" data-id=\"d708b16\" data-element_type=\"column\" data-e-type=\"column\">\n\t\t\t<div class=\"elementor-widget-wrap elementor-element-populated\">\n\t\t\t\t\t\t<div class=\"elementor-element elementor-element-906c0aa elementor-widget elementor-widget-text-editor\" data-id=\"906c0aa\" data-element_type=\"widget\" data-e-type=\"widget\" data-widget_type=\"text-editor.default\">\n\t\t\t\t<div class=\"elementor-widget-container\">\n\t\t\t\t\t\t\t\t\t<h1>EXPERIENCIAS DESTACADAS<\/h1>\t\t\t\t\t\t\t\t<\/div>\n\t\t\t\t<\/div>\n\t\t\t\t<div class=\"elementor-element elementor-element-e9bd45f elementor-widget elementor-widget-text-editor\" data-id=\"e9bd45f\" data-element_type=\"widget\" data-e-type=\"widget\" data-widget_type=\"text-editor.default\">\n\t\t\t\t<div class=\"elementor-widget-container\">\n\t\t\t\t\t\t\t\t\t<div class=\"wpb_text_column wpb_content_element\">\n<div class=\"wpb_wrapper\">\n<div class=\"wpb_text_column wpb_content_element\">\n<div class=\"wpb_wrapper\">\n\nExperium tiene como objetivo ofrecer experiencias de viaje cuidadosamente seleccionadas y extraordinarias que van m\u00e1s all\u00e1 del turismo convencional, atendiendo preferencias \u00fanicas. Nos centramos en servicios personalizados y atentos, donde los clientes pueden esperar un alto nivel de servicio, atenci\u00f3n al detalle y asistencia durante su experiencia de viaje. Experium ofrece acceso VIP exclusivo a eventos y experiencias en el Medio Oriente que no est\u00e1n disponibles para el p\u00fablico, as\u00ed como servicios de conserjer\u00eda que ayudan a nuestros clientes con cualquier solicitud especial, reservaciones o cambios durante su viaje. Podemos reservar desde una experiencia gastron\u00f3mica en un restaurante de alta gama hasta una experiencia especial en el m\u00e1gico desierto de Al Ula o una cena con velas en las Pir\u00e1mides solo para ti. Experium est\u00e1 especializado en organizar actividades premium a medida seg\u00fan tus preferencias, desde asistir a una exposici\u00f3n de arte exclusiva hasta mostrarte los tesoros escondidos del pa\u00eds. Nuestro equipo te ayudar\u00e1 a crear este viaje inolvidable y \u00fanico. Nos destacamos por entender las preferencias, deseos y expectativas \u00fanicas de nuestros clientes.\n\n<\/div>\n<\/div>\n<\/div>\n<\/div>\t\t\t\t\t\t\t\t<\/div>\n\t\t\t\t<\/div>\n\t\t\t\t\t<\/div>\n\t\t<\/div>\n\t\t\t\t\t<\/div>\n\t\t<\/section>\n\t\t\t\t<section class=\"elementor-section elementor-top-section elementor-element elementor-element-de11506 mkdf-row-grid-section elementor-section-boxed elementor-section-height-default elementor-section-height-default mkdf-parallax-row-no mkdf-content-aligment-left\" data-id=\"de11506\" data-element_type=\"section\" data-e-type=\"section\">\n\t\t\t\t\t\t<div class=\"elementor-container elementor-column-gap-default\">\n\t\t\t\t\t<div class=\"elementor-column elementor-col-50 elementor-top-column elementor-element elementor-element-269a189\" data-id=\"269a189\" data-element_type=\"column\" data-e-type=\"column\">\n\t\t\t<div class=\"elementor-widget-wrap elementor-element-populated\">\n\t\t\t\t\t\t<div class=\"elementor-element elementor-element-3df6378 elementor-widget elementor-widget-text-editor\" data-id=\"3df6378\" data-element_type=\"widget\" data-e-type=\"widget\" data-widget_type=\"text-editor.default\">\n\t\t\t\t<div class=\"elementor-widget-container\">\n\t\t\t\t\t\t\t\t\t<h1>1. EJECUCI\u00d3N IMPECABLE<\/h1>\t\t\t\t\t\t\t\t<\/div>\n\t\t\t\t<\/div>\n\t\t\t\t<div class=\"elementor-element elementor-element-6f349ce elementor-widget elementor-widget-text-editor\" data-id=\"6f349ce\" data-element_type=\"widget\" data-e-type=\"widget\" data-widget_type=\"text-editor.default\">\n\t\t\t\t<div class=\"elementor-widget-container\">\n\t\t\t\t\t\t\t\t\t<div class=\"wpb_text_column wpb_content_element\"><div class=\"wpb_wrapper\"><div class=\"wpb_text_column wpb_content_element\"><div class=\"wpb_wrapper\">Garantizamos una experiencia de viaje perfecta de principio a fin, gestionando la log\u00edstica como transporte de lujo, alojamientos premium y acceso exclusivo a eventos. Nuestro soporte 24\/7 permite a los clientes relajarse, sabiendo que cada detalle est\u00e1 meticulosamente planificado.<\/div><\/div><\/div><\/div>\t\t\t\t\t\t\t\t<\/div>\n\t\t\t\t<\/div>\n\t\t\t\t\t<\/div>\n\t\t<\/div>\n\t\t\t\t<div class=\"elementor-column elementor-col-50 elementor-top-column elementor-element elementor-element-31b2eac\" data-id=\"31b2eac\" data-element_type=\"column\" data-e-type=\"column\">\n\t\t\t<div class=\"elementor-widget-wrap elementor-element-populated\">\n\t\t\t\t\t\t<div class=\"elementor-element elementor-element-2892cae elementor-widget elementor-widget-image\" data-id=\"2892cae\" data-element_type=\"widget\" data-e-type=\"widget\" data-widget_type=\"image.default\">\n\t\t\t\t<div class=\"elementor-widget-container\">\n\t\t\t\t\t\t\t\t\t\t\t\t\t\t\t<img fetchpriority=\"high\" decoding=\"async\" width=\"1200\" height=\"720\" src=\"https:\/\/experium.travel\/wp-content\/uploads\/2024\/05\/LEGENDS-PHOTOGRAPHY-45.jpg\" class=\"attachment-full size-full wp-image-10542\" alt=\"\" srcset=\"https:\/\/experium.travel\/wp-content\/uploads\/2024\/05\/LEGENDS-PHOTOGRAPHY-45.jpg 1200w, https:\/\/experium.travel\/wp-content\/uploads\/2024\/05\/LEGENDS-PHOTOGRAPHY-45-300x180.jpg 300w, https:\/\/experium.travel\/wp-content\/uploads\/2024\/05\/LEGENDS-PHOTOGRAPHY-45-1024x614.jpg 1024w, https:\/\/experium.travel\/wp-content\/uploads\/2024\/05\/LEGENDS-PHOTOGRAPHY-45-768x461.jpg 768w, https:\/\/experium.travel\/wp-content\/uploads\/2024\/05\/LEGENDS-PHOTOGRAPHY-45-600x360.jpg 600w\" sizes=\"(max-width: 1200px) 100vw, 1200px\" \/>\t\t\t\t\t\t\t\t\t\t\t\t\t\t\t<\/div>\n\t\t\t\t<\/div>\n\t\t\t\t\t<\/div>\n\t\t<\/div>\n\t\t\t\t\t<\/div>\n\t\t<\/section>\n\t\t\t\t<section class=\"elementor-section elementor-top-section elementor-element elementor-element-7c925be mkdf-row-grid-section elementor-section-boxed elementor-section-height-default elementor-section-height-default mkdf-parallax-row-no mkdf-content-aligment-left\" data-id=\"7c925be\" data-element_type=\"section\" data-e-type=\"section\">\n\t\t\t\t\t\t<div class=\"elementor-container elementor-column-gap-default\">\n\t\t\t\t\t<div class=\"elementor-column elementor-col-50 elementor-top-column elementor-element elementor-element-b77d031\" data-id=\"b77d031\" data-element_type=\"column\" data-e-type=\"column\">\n\t\t\t<div class=\"elementor-widget-wrap elementor-element-populated\">\n\t\t\t\t\t\t<div class=\"elementor-element elementor-element-483b870 elementor-widget elementor-widget-text-editor\" data-id=\"483b870\" data-element_type=\"widget\" data-e-type=\"widget\" data-widget_type=\"text-editor.default\">\n\t\t\t\t<div class=\"elementor-widget-container\">\n\t\t\t\t\t\t\t\t\t<h1>2. EXPERIENCIAS INMERSIVAS INNOVADORAS<\/h1>\t\t\t\t\t\t\t\t<\/div>\n\t\t\t\t<\/div>\n\t\t\t\t<div class=\"elementor-element elementor-element-99c97ec elementor-widget elementor-widget-text-editor\" data-id=\"99c97ec\" data-element_type=\"widget\" data-e-type=\"widget\" data-widget_type=\"text-editor.default\">\n\t\t\t\t<div class=\"elementor-widget-container\">\n\t\t\t\t\t\t\t\t\t<div class=\"wpb_text_column wpb_content_element\"><div class=\"wpb_wrapper\"><div class=\"wpb_text_column wpb_content_element\"><div class=\"wpb_wrapper\">Experium crea experiencias inmersivas que conectan profundamente a los clientes con los destinos. Nuestro enfoque innovador combina un profundo conocimiento del Medio Oriente con un compromiso con el servicio excepcional.<\/div><\/div><\/div><\/div>\t\t\t\t\t\t\t\t<\/div>\n\t\t\t\t<\/div>\n\t\t\t\t\t<\/div>\n\t\t<\/div>\n\t\t\t\t<div class=\"elementor-column elementor-col-50 elementor-top-column elementor-element elementor-element-a20b84e\" data-id=\"a20b84e\" data-element_type=\"column\" data-e-type=\"column\">\n\t\t\t<div class=\"elementor-widget-wrap elementor-element-populated\">\n\t\t\t\t\t\t<div class=\"elementor-element elementor-element-af7fff2 elementor-widget elementor-widget-image\" data-id=\"af7fff2\" data-element_type=\"widget\" data-e-type=\"widget\" data-widget_type=\"image.default\">\n\t\t\t\t<div class=\"elementor-widget-container\">\n\t\t\t\t\t\t\t\t\t\t\t\t\t\t\t<img decoding=\"async\" width=\"959\" height=\"640\" src=\"https:\/\/experium.travel\/wp-content\/uploads\/2024\/05\/immersive-.jpg.webp\" class=\"attachment-full size-full wp-image-10543\" alt=\"\" srcset=\"https:\/\/experium.travel\/wp-content\/uploads\/2024\/05\/immersive-.jpg.webp 959w, https:\/\/experium.travel\/wp-content\/uploads\/2024\/05\/immersive-.jpg-300x200.webp 300w, https:\/\/experium.travel\/wp-content\/uploads\/2024\/05\/immersive-.jpg-768x513.webp 768w, https:\/\/experium.travel\/wp-content\/uploads\/2024\/05\/immersive-.jpg-600x400.webp 600w\" sizes=\"(max-width: 959px) 100vw, 959px\" \/>\t\t\t\t\t\t\t\t\t\t\t\t\t\t\t<\/div>\n\t\t\t\t<\/div>\n\t\t\t\t\t<\/div>\n\t\t<\/div>\n\t\t\t\t\t<\/div>\n\t\t<\/section>\n\t\t\t\t<section class=\"elementor-section elementor-top-section elementor-element elementor-element-08c407d mkdf-row-grid-section elementor-section-boxed elementor-section-height-default elementor-section-height-default mkdf-parallax-row-no mkdf-content-aligment-left\" data-id=\"08c407d\" data-element_type=\"section\" data-e-type=\"section\">\n\t\t\t\t\t\t<div class=\"elementor-container elementor-column-gap-default\">\n\t\t\t\t\t<div class=\"elementor-column elementor-col-50 elementor-top-column elementor-element elementor-element-4afc438\" data-id=\"4afc438\" data-element_type=\"column\" data-e-type=\"column\">\n\t\t\t<div class=\"elementor-widget-wrap elementor-element-populated\">\n\t\t\t\t\t\t<div class=\"elementor-element elementor-element-0303608 elementor-widget elementor-widget-text-editor\" data-id=\"0303608\" data-element_type=\"widget\" data-e-type=\"widget\" data-widget_type=\"text-editor.default\">\n\t\t\t\t<div class=\"elementor-widget-container\">\n\t\t\t\t\t\t\t\t\t<h1>3. CONEXIONES CULTURALES AUT\u00c9NTICAS<\/h1>\t\t\t\t\t\t\t\t<\/div>\n\t\t\t\t<\/div>\n\t\t\t\t<div class=\"elementor-element elementor-element-3e8f10e elementor-widget elementor-widget-text-editor\" data-id=\"3e8f10e\" data-element_type=\"widget\" data-e-type=\"widget\" data-widget_type=\"text-editor.default\">\n\t\t\t\t<div class=\"elementor-widget-container\">\n\t\t\t\t\t\t\t\t\t<div class=\"wpb_text_column wpb_content_element\"><div class=\"wpb_wrapper\"><div class=\"wpb_text_column wpb_content_element\"><div class=\"wpb_wrapper\">Dise\u00f1amos experiencias que fomentan conexiones locales genuinas. Asoci\u00e1ndonos con comunidades y expertos, los clientes participan en actividades tradicionales, aprenden historia y experimentan la vida cotidiana a trav\u00e9s de clases de cocina, talleres y narraci\u00f3n de cuentos.<\/div><\/div><\/div><\/div>\t\t\t\t\t\t\t\t<\/div>\n\t\t\t\t<\/div>\n\t\t\t\t\t<\/div>\n\t\t<\/div>\n\t\t\t\t<div class=\"elementor-column elementor-col-50 elementor-top-column elementor-element elementor-element-a26df73\" data-id=\"a26df73\" data-element_type=\"column\" data-e-type=\"column\">\n\t\t\t<div class=\"elementor-widget-wrap elementor-element-populated\">\n\t\t\t\t\t\t<div class=\"elementor-element elementor-element-7263fbd elementor-widget elementor-widget-image\" data-id=\"7263fbd\" data-element_type=\"widget\" data-e-type=\"widget\" data-widget_type=\"image.default\">\n\t\t\t\t<div class=\"elementor-widget-container\">\n\t\t\t\t\t\t\t\t\t\t\t\t\t\t\t<img decoding=\"async\" width=\"1200\" height=\"600\" src=\"https:\/\/experium.travel\/wp-content\/uploads\/2024\/05\/Authentic-experience-.jpg.webp\" class=\"attachment-full size-full wp-image-10544\" alt=\"\" srcset=\"https:\/\/experium.travel\/wp-content\/uploads\/2024\/05\/Authentic-experience-.jpg.webp 1200w, https:\/\/experium.travel\/wp-content\/uploads\/2024\/05\/Authentic-experience-.jpg-300x150.webp 300w, https:\/\/experium.travel\/wp-content\/uploads\/2024\/05\/Authentic-experience-.jpg-1024x512.webp 1024w, https:\/\/experium.travel\/wp-content\/uploads\/2024\/05\/Authentic-experience-.jpg-768x384.webp 768w, https:\/\/experium.travel\/wp-content\/uploads\/2024\/05\/Authentic-experience-.jpg-600x300.webp 600w\" sizes=\"(max-width: 1200px) 100vw, 1200px\" \/>\t\t\t\t\t\t\t\t\t\t\t\t\t\t\t<\/div>\n\t\t\t\t<\/div>\n\t\t\t\t\t<\/div>\n\t\t<\/div>\n\t\t\t\t\t<\/div>\n\t\t<\/section>\n\t\t\t\t<section class=\"elementor-section elementor-top-section elementor-element elementor-element-68dee16 mkdf-row-grid-section elementor-section-boxed elementor-section-height-default elementor-section-height-default mkdf-parallax-row-no mkdf-content-aligment-left\" data-id=\"68dee16\" data-element_type=\"section\" data-e-type=\"section\">\n\t\t\t\t\t\t<div class=\"elementor-container elementor-column-gap-default\">\n\t\t\t\t\t<div class=\"elementor-column elementor-col-50 elementor-top-column elementor-element elementor-element-fae4503\" data-id=\"fae4503\" data-element_type=\"column\" data-e-type=\"column\">\n\t\t\t<div class=\"elementor-widget-wrap elementor-element-populated\">\n\t\t\t\t\t\t<div class=\"elementor-element elementor-element-0521d72 elementor-widget elementor-widget-text-editor\" data-id=\"0521d72\" data-element_type=\"widget\" data-e-type=\"widget\" data-widget_type=\"text-editor.default\">\n\t\t\t\t<div class=\"elementor-widget-container\">\n\t\t\t\t\t\t\t\t\t<h1>4. ITINERARIOS PERSONALIZADOS<\/h1>\t\t\t\t\t\t\t\t<\/div>\n\t\t\t\t<\/div>\n\t\t\t\t<div class=\"elementor-element elementor-element-9f80fec elementor-widget elementor-widget-text-editor\" data-id=\"9f80fec\" data-element_type=\"widget\" data-e-type=\"widget\" data-widget_type=\"text-editor.default\">\n\t\t\t\t<div class=\"elementor-widget-container\">\n\t\t\t\t\t\t\t\t\t<div class=\"wpb_text_column wpb_content_element\"><div class=\"wpb_wrapper\"><div class=\"wpb_text_column wpb_content_element\"><div class=\"wpb_wrapper\">Creamos experiencias personalizadas basadas en los intereses de los clientes. Nuestro equipo elabora itinerarios que reflejan sus pasiones, ya sea que busquen aventura, relajaci\u00f3n o enriquecimiento cultural, asegurando un viaje \u00fanico e inmersivo.<\/div><\/div><\/div><\/div>\t\t\t\t\t\t\t\t<\/div>\n\t\t\t\t<\/div>\n\t\t\t\t\t<\/div>\n\t\t<\/div>\n\t\t\t\t<div class=\"elementor-column elementor-col-50 elementor-top-column elementor-element elementor-element-b0d7f45\" data-id=\"b0d7f45\" data-element_type=\"column\" data-e-type=\"column\">\n\t\t\t<div class=\"elementor-widget-wrap elementor-element-populated\">\n\t\t\t\t\t\t<div class=\"elementor-element elementor-element-e3c7f19 elementor-widget elementor-widget-image\" data-id=\"e3c7f19\" data-element_type=\"widget\" data-e-type=\"widget\" data-widget_type=\"image.default\">\n\t\t\t\t<div class=\"elementor-widget-container\">\n\t\t\t\t\t\t\t\t\t\t\t\t\t\t\t<img loading=\"lazy\" decoding=\"async\" width=\"1200\" height=\"720\" src=\"https:\/\/experium.travel\/wp-content\/uploads\/2024\/05\/Siwa-1200-x-720-min.png\" class=\"attachment-full size-full wp-image-10582\" alt=\"\" srcset=\"https:\/\/experium.travel\/wp-content\/uploads\/2024\/05\/Siwa-1200-x-720-min.png 1200w, https:\/\/experium.travel\/wp-content\/uploads\/2024\/05\/Siwa-1200-x-720-min-300x180.png 300w, https:\/\/experium.travel\/wp-content\/uploads\/2024\/05\/Siwa-1200-x-720-min-1024x614.png 1024w, https:\/\/experium.travel\/wp-content\/uploads\/2024\/05\/Siwa-1200-x-720-min-768x461.png 768w, https:\/\/experium.travel\/wp-content\/uploads\/2024\/05\/Siwa-1200-x-720-min-600x360.png 600w\" sizes=\"(max-width: 1200px) 100vw, 1200px\" \/>\t\t\t\t\t\t\t\t\t\t\t\t\t\t\t<\/div>\n\t\t\t\t<\/div>\n\t\t\t\t\t<\/div>\n\t\t<\/div>\n\t\t\t\t\t<\/div>\n\t\t<\/section>\n\t\t\t\t<\/div>","protected":false},"excerpt":{"rendered":"<p>Our Experiences Experium aim is to provide carefully curated and extraordinary travel experiences that goes beyond conventional tourism, catering unique preferences. We focus on personalized and attentive services where clients can expect a high level of service, attention to detail [&hellip;]<\/p>\n","protected":false},"author":1,"featured_media":0,"parent":0,"menu_order":0,"comment_status":"closed","ping_status":"closed","template":"full-width.php","meta":{"_themeisle_gutenberg_block_has_review":false,"footnotes":""},"class_list":["post-9489","page","type-page","status-publish","hentry"],"_links":{"self":[{"href":"https:\/\/experium.travel\/es\/wp-json\/wp\/v2\/pages\/9489","targetHints":{"allow":["GET"]}}],"collection":[{"href":"https:\/\/experium.travel\/es\/wp-json\/wp\/v2\/pages"}],"about":[{"href":"https:\/\/experium.travel\/es\/wp-json\/wp\/v2\/types\/page"}],"author":[{"embeddable":true,"href":"https:\/\/experium.travel\/es\/wp-json\/wp\/v2\/users\/1"}],"replies":[{"embeddable":true,"href":"https:\/\/experium.travel\/es\/wp-json\/wp\/v2\/comments?post=9489"}],"version-history":[{"count":54,"href":"https:\/\/experium.travel\/es\/wp-json\/wp\/v2\/pages\/9489\/revisions"}],"predecessor-version":[{"id":10646,"href":"https:\/\/experium.travel\/es\/wp-json\/wp\/v2\/pages\/9489\/revisions\/10646"}],"wp:attachment":[{"href":"https:\/\/experium.travel\/es\/wp-json\/wp\/v2\/media?parent=9489"}],"curies":[{"name":"wp","href":"https:\/\/api.w.org\/{rel}","templated":true}]}}