{"id":60,"date":"2018-08-20T10:18:07","date_gmt":"2018-08-20T10:18:07","guid":{"rendered":"https:\/\/backpacktraveler.qodeinteractive.com\/elementor\/?page_id=60"},"modified":"2024-09-04T08:57:53","modified_gmt":"2024-09-04T08:57:53","slug":"about","status":"publish","type":"page","link":"https:\/\/experium.travel\/es\/about\/","title":{"rendered":"Sobre Experium"},"content":{"rendered":"<div data-elementor-type=\"wp-page\" data-elementor-id=\"60\" class=\"elementor elementor-60\">\n\t\t\t\t\t\t<section class=\"elementor-section elementor-top-section elementor-element elementor-element-6ff687d elementor-section-full_width elementor-section-height-default elementor-section-height-default mkdf-parallax-row-no mkdf-content-aligment-left mkdf-row-grid-no\" data-id=\"6ff687d\" data-element_type=\"section\" data-e-type=\"section\">\n\t\t\t\t\t\t<div class=\"elementor-container elementor-column-gap-default\">\n\t\t\t\t\t<div class=\"elementor-column elementor-col-100 elementor-top-column elementor-element elementor-element-1b76e3d\" data-id=\"1b76e3d\" data-element_type=\"column\" data-e-type=\"column\">\n\t\t\t<div class=\"elementor-widget-wrap elementor-element-populated\">\n\t\t\t\t\t\t<div class=\"elementor-element elementor-element-af15d5b elementor-widget__width-inherit elementor-widget elementor-widget-image-carousel\" data-id=\"af15d5b\" data-element_type=\"widget\" data-e-type=\"widget\" data-settings=\"{&quot;slides_to_show&quot;:&quot;3&quot;,&quot;navigation&quot;:&quot;none&quot;,&quot;slides_to_show_mobile&quot;:&quot;1&quot;,&quot;slides_to_scroll&quot;:&quot;1&quot;,&quot;autoplay&quot;:&quot;yes&quot;,&quot;pause_on_hover&quot;:&quot;yes&quot;,&quot;pause_on_interaction&quot;:&quot;yes&quot;,&quot;autoplay_speed&quot;:5000,&quot;infinite&quot;:&quot;yes&quot;,&quot;speed&quot;:500}\" data-widget_type=\"image-carousel.default\">\n\t\t\t\t<div class=\"elementor-widget-container\">\n\t\t\t\t\t\t\t<div class=\"elementor-image-carousel-wrapper swiper\" role=\"region\" aria-roledescription=\"carousel\" aria-label=\"Image Carousel\" dir=\"ltr\">\n\t\t\t<div class=\"elementor-image-carousel swiper-wrapper swiper-image-stretch\" aria-live=\"off\">\n\t\t\t\t\t\t\t\t<div class=\"swiper-slide\" role=\"group\" aria-roledescription=\"slide\" aria-label=\"1 of 8\"><figure class=\"swiper-slide-inner\"><img decoding=\"async\" class=\"swiper-slide-image\" src=\"https:\/\/experium.travel\/wp-content\/uploads\/2024\/05\/1-min-1.jpg\" alt=\"1-min\" \/><\/figure><\/div><div class=\"swiper-slide\" role=\"group\" aria-roledescription=\"slide\" aria-label=\"2 of 8\"><figure class=\"swiper-slide-inner\"><img decoding=\"async\" class=\"swiper-slide-image\" src=\"https:\/\/experium.travel\/wp-content\/uploads\/2024\/05\/2-min-1.jpg\" alt=\"2-min\" \/><\/figure><\/div><div class=\"swiper-slide\" role=\"group\" aria-roledescription=\"slide\" aria-label=\"3 of 8\"><figure class=\"swiper-slide-inner\"><img decoding=\"async\" class=\"swiper-slide-image\" src=\"https:\/\/experium.travel\/wp-content\/uploads\/2024\/05\/3-min-1.jpg\" alt=\"3-min\" \/><\/figure><\/div><div class=\"swiper-slide\" role=\"group\" aria-roledescription=\"slide\" aria-label=\"4 of 8\"><figure class=\"swiper-slide-inner\"><img decoding=\"async\" class=\"swiper-slide-image\" src=\"https:\/\/experium.travel\/wp-content\/uploads\/2024\/05\/4-min-1.jpg\" alt=\"4-min\" \/><\/figure><\/div><div class=\"swiper-slide\" role=\"group\" aria-roledescription=\"slide\" aria-label=\"5 of 8\"><figure class=\"swiper-slide-inner\"><img decoding=\"async\" class=\"swiper-slide-image\" src=\"https:\/\/experium.travel\/wp-content\/uploads\/2024\/05\/5-min-1.jpg\" alt=\"5-min\" \/><\/figure><\/div><div class=\"swiper-slide\" role=\"group\" aria-roledescription=\"slide\" aria-label=\"6 of 8\"><figure class=\"swiper-slide-inner\"><img decoding=\"async\" class=\"swiper-slide-image\" src=\"https:\/\/experium.travel\/wp-content\/uploads\/2024\/05\/6-min-1.jpg\" alt=\"6-min\" \/><\/figure><\/div><div class=\"swiper-slide\" role=\"group\" aria-roledescription=\"slide\" aria-label=\"7 of 8\"><figure class=\"swiper-slide-inner\"><img decoding=\"async\" class=\"swiper-slide-image\" src=\"https:\/\/experium.travel\/wp-content\/uploads\/2024\/05\/7-min-1.jpg\" alt=\"7-min\" \/><\/figure><\/div><div class=\"swiper-slide\" role=\"group\" aria-roledescription=\"slide\" aria-label=\"8 of 8\"><figure class=\"swiper-slide-inner\"><img decoding=\"async\" class=\"swiper-slide-image\" src=\"https:\/\/experium.travel\/wp-content\/uploads\/2024\/05\/8-min-1.jpg\" alt=\"8-min\" \/><\/figure><\/div>\t\t\t<\/div>\n\t\t\t\t\t\t\t\n\t\t\t\t\t\t\t\t\t<\/div>\n\t\t\t\t\t\t<\/div>\n\t\t\t\t<\/div>\n\t\t\t\t\t<\/div>\n\t\t<\/div>\n\t\t\t\t\t<\/div>\n\t\t<\/section>\n\t\t\t\t<section class=\"elementor-section elementor-top-section elementor-element elementor-element-31a4609 mkdf-row-grid-section elementor-section-boxed elementor-section-height-default elementor-section-height-default mkdf-parallax-row-no mkdf-content-aligment-left\" data-id=\"31a4609\" data-element_type=\"section\" data-e-type=\"section\">\n\t\t\t\t\t\t<div class=\"elementor-container elementor-column-gap-default\">\n\t\t\t\t\t<div class=\"elementor-column elementor-col-50 elementor-top-column elementor-element elementor-element-d708b16\" data-id=\"d708b16\" data-element_type=\"column\" data-e-type=\"column\">\n\t\t\t<div class=\"elementor-widget-wrap elementor-element-populated\">\n\t\t\t\t\t\t<div class=\"elementor-element elementor-element-906c0aa elementor-widget elementor-widget-text-editor\" data-id=\"906c0aa\" data-element_type=\"widget\" data-e-type=\"widget\" data-widget_type=\"text-editor.default\">\n\t\t\t\t<div class=\"elementor-widget-container\">\n\t\t\t\t\t\t\t\t\t<h1>COMIENCE SU INOLVIDABLE<br \/>VIAJE CON NOSOTROS<\/h1>\t\t\t\t\t\t\t\t<\/div>\n\t\t\t\t<\/div>\n\t\t\t\t\t<\/div>\n\t\t<\/div>\n\t\t\t\t<div class=\"elementor-column elementor-col-50 elementor-top-column elementor-element elementor-element-ba73eab\" data-id=\"ba73eab\" data-element_type=\"column\" data-e-type=\"column\">\n\t\t\t<div class=\"elementor-widget-wrap elementor-element-populated\">\n\t\t\t\t\t\t<div class=\"elementor-element elementor-element-464d630 elementor-widget elementor-widget-text-editor\" data-id=\"464d630\" data-element_type=\"widget\" data-e-type=\"widget\" data-widget_type=\"text-editor.default\">\n\t\t\t\t<div class=\"elementor-widget-container\">\n\t\t\t\t\t\t\t\t\t<div class=\"wpb_text_column wpb_content_element\">\n<div class=\"wpb_wrapper\">\n<div class=\"wpb_text_column wpb_content_element\">\n<div class=\"wpb_wrapper\" style=\"text-align:justify\">Experium es una empresa de gesti\u00f3n de destinos de lujo que proporciona servicios exquisitos a los clientes m\u00e1s exigentes y transforma experiencias en recuerdos inolvidables. Experium forma parte de Galaxia Group, una empresa familiar de segunda generaci\u00f3n con presencia en Egipto, EAU, Catar, Om\u00e1n, Bahr\u00e9in y Arabia Saudita.<br><br>\nExperium es una empresa especializada en la gesti\u00f3n de viajes y eventos que se enfoca en proporcionar servicios personalizados y de alta gama para clientes individuales, grupos u organizaciones que buscan experiencias de viaje de lujo en el Medio Oriente.<br><br>\nNuestro objetivo principal es ofrecer soluciones excepcionales y personalizadas para clientes que buscan experiencias premium y exclusivas fuera de lo com\u00fan. Nuestro equipo especializado trabajar\u00e1 con usted en cada detalle, dise\u00f1ando un itinerario personalizado basado en sus preferencias e intereses espec\u00edficos. Cada detalle ser\u00e1 seleccionado especialmente para usted, creando un viaje inolvidable.<\/div>\n<\/div>\n<\/div>\n<\/div>\t\t\t\t\t\t\t\t<\/div>\n\t\t\t\t<\/div>\n\t\t\t\t\t<\/div>\n\t\t<\/div>\n\t\t\t\t\t<\/div>\n\t\t<\/section>\n\t\t<div class=\"elementor-element elementor-element-d3e46eb e-flex e-con-boxed e-con e-parent\" data-id=\"d3e46eb\" data-element_type=\"container\" data-e-type=\"container\">\n\t\t\t\t\t<div class=\"e-con-inner\">\n\t\t\t\t<div class=\"elementor-element elementor-element-bdaf6f2 elementor-widget elementor-widget-mkdf_horizontal_timeline\" data-id=\"bdaf6f2\" data-element_type=\"widget\" data-e-type=\"widget\" data-widget_type=\"mkdf_horizontal_timeline.default\">\n\t\t\t\t<div class=\"elementor-widget-container\">\n\t\t\t\t\t\r\n        <div class=\"mkdf-horizontal-timeline-wrapper\">\r\n            <div class=\"mkdf-horizontal-timeline\">\r\n                <a class=\"mkdf-ht-content-item\" href=\"https:\/\/experium.travel\/es\/destination-item\/egypt\/\" target=\"_self\">\n\t<div class=\"mkdf-hti-content-item-inner 1\">\n        <div class=\"mkdf-hti-content-item-wrap\">\n                            <div class=\"mkdf-hti-content-image\">\n                    <img decoding=\"async\" width=\"30\" height=\"30\" src=\"https:\/\/experium.travel\/wp-content\/uploads\/2024\/04\/eg-1.png\" class=\"attachment-full size-full\" alt=\"\" \/>                <\/div>\n                        <div class=\"mkdf-hti-content-value\">\n                <h6 class=\"mkdf-hti-title\">EGIPTO<\/h6>\n                <p class=\"mkdf-hti-subtitle\"><\/p>\n            <\/div>\n        <\/div>\n        <div class=\"mkdf-hti-pin\"><\/div>\n\t<\/div>\n<\/a><a class=\"mkdf-ht-content-item\" href=\"https:\/\/experium.travel\/es\/destination-item\/uae\/\" target=\"_self\">\n\t<div class=\"mkdf-hti-content-item-inner 1\">\n        <div class=\"mkdf-hti-content-item-wrap\">\n                            <div class=\"mkdf-hti-content-image\">\n                    <img decoding=\"async\" width=\"30\" height=\"30\" src=\"https:\/\/experium.travel\/wp-content\/uploads\/2024\/04\/ae-1.png\" class=\"attachment-full size-full\" alt=\"\" \/>                <\/div>\n                        <div class=\"mkdf-hti-content-value\">\n                <h6 class=\"mkdf-hti-title\">EMIRATOS \u00c1RABES UNIDOS<\/h6>\n                <p class=\"mkdf-hti-subtitle\"><\/p>\n            <\/div>\n        <\/div>\n        <div class=\"mkdf-hti-pin\"><\/div>\n\t<\/div>\n<\/a><a class=\"mkdf-ht-content-item\" href=\"https:\/\/experium.travel\/es\/destination-item\/saudi-arabia\/\" target=\"_self\">\n\t<div class=\"mkdf-hti-content-item-inner 1\">\n        <div class=\"mkdf-hti-content-item-wrap\">\n                            <div class=\"mkdf-hti-content-image\">\n                    <img decoding=\"async\" width=\"30\" height=\"30\" src=\"https:\/\/experium.travel\/wp-content\/uploads\/2024\/04\/sa-1.png\" class=\"attachment-full size-full\" alt=\"\" \/>                <\/div>\n                        <div class=\"mkdf-hti-content-value\">\n                <h6 class=\"mkdf-hti-title\">ARABIA SAUDITA<\/h6>\n                <p class=\"mkdf-hti-subtitle\"><\/p>\n            <\/div>\n        <\/div>\n        <div class=\"mkdf-hti-pin\"><\/div>\n\t<\/div>\n<\/a><a class=\"mkdf-ht-content-item\" href=\"https:\/\/experium.travel\/es\/destination-item\/bahrain\/\" target=\"_self\">\n\t<div class=\"mkdf-hti-content-item-inner 1\">\n        <div class=\"mkdf-hti-content-item-wrap\">\n                            <div class=\"mkdf-hti-content-image\">\n                    <img loading=\"lazy\" decoding=\"async\" width=\"30\" height=\"30\" src=\"https:\/\/experium.travel\/wp-content\/uploads\/2024\/04\/bh-1.png\" class=\"attachment-full size-full\" alt=\"\" \/>                <\/div>\n                        <div class=\"mkdf-hti-content-value\">\n                <h6 class=\"mkdf-hti-title\">BAHR\u00c9IN<\/h6>\n                <p class=\"mkdf-hti-subtitle\"><\/p>\n            <\/div>\n        <\/div>\n        <div class=\"mkdf-hti-pin\"><\/div>\n\t<\/div>\n<\/a><a class=\"mkdf-ht-content-item\" href=\"#\" target=\"_self\">\n\t<div class=\"mkdf-hti-content-item-inner 1\">\n        <div class=\"mkdf-hti-content-item-wrap\">\n                            <div class=\"mkdf-hti-content-image\">\n                    <img loading=\"lazy\" decoding=\"async\" width=\"30\" height=\"30\" src=\"https:\/\/experium.travel\/wp-content\/uploads\/2024\/04\/om.png\" class=\"attachment-full size-full\" alt=\"\" \/>                <\/div>\n                        <div class=\"mkdf-hti-content-value\">\n                <h6 class=\"mkdf-hti-title\">OM\u00c1N<\/h6>\n                <p class=\"mkdf-hti-subtitle\"><\/p>\n            <\/div>\n        <\/div>\n        <div class=\"mkdf-hti-pin\"><\/div>\n\t<\/div>\n<\/a><a class=\"mkdf-ht-content-item\" href=\"#\" target=\"_self\">\n\t<div class=\"mkdf-hti-content-item-inner 1\">\n        <div class=\"mkdf-hti-content-item-wrap\">\n                            <div class=\"mkdf-hti-content-image\">\n                    <img loading=\"lazy\" decoding=\"async\" width=\"30\" height=\"30\" src=\"https:\/\/experium.travel\/wp-content\/uploads\/2024\/04\/qa.png\" class=\"attachment-full size-full\" alt=\"\" \/>                <\/div>\n                        <div class=\"mkdf-hti-content-value\">\n                <h6 class=\"mkdf-hti-title\">CATAR<\/h6>\n                <p class=\"mkdf-hti-subtitle\"><\/p>\n            <\/div>\n        <\/div>\n        <div class=\"mkdf-hti-pin\"><\/div>\n\t<\/div>\n<\/a>            <\/div>\r\n        <\/div>\r\n\r\n        \t\t\t\t<\/div>\n\t\t\t\t<\/div>\n\t\t\t\t\t<\/div>\n\t\t\t\t<\/div>\n\t\t\t\t<section class=\"elementor-section elementor-top-section elementor-element elementor-element-73a05b1 elementor-section-content-middle mkdf-row-grid-section elementor-hidden-desktop elementor-hidden-tablet elementor-hidden-mobile elementor-section-boxed elementor-section-height-default elementor-section-height-default mkdf-parallax-row-no mkdf-content-aligment-left\" data-id=\"73a05b1\" data-element_type=\"section\" data-e-type=\"section\">\n\t\t\t\t\t\t<div class=\"elementor-container elementor-column-gap-default\">\n\t\t\t\t\t<div class=\"elementor-column elementor-col-100 elementor-top-column elementor-element elementor-element-c3be295\" data-id=\"c3be295\" data-element_type=\"column\" data-e-type=\"column\">\n\t\t\t<div class=\"elementor-widget-wrap elementor-element-populated\">\n\t\t\t\t\t\t<div class=\"elementor-element elementor-element-f43b768 elementor-widget elementor-widget-mkdf_section_title\" data-id=\"f43b768\" data-element_type=\"widget\" data-e-type=\"widget\" data-widget_type=\"mkdf_section_title.default\">\n\t\t\t\t<div class=\"elementor-widget-container\">\n\t\t\t\t\t<div class=\"mkdf-section-title-holder  mkdf-st-standard mkdf-st-title-left mkdf-st-normal-space\" style=\"text-align: center\">\n\t<div class=\"mkdf-st-inner\">\n\t\t\t\t\t<h2 class=\"mkdf-st-title\" >\n\t\t\t\tWHAT PEOPLE SAY ABOUT US\t\t\t<\/h2>\n\t\t\t\t\t\t\t<p class=\"mkdf-st-text\" style=\"color: #838383;font-size: 18px;line-height: 30px;margin-top: 20px\">\n\t\t\t\tSee how I\u2019ve helped others save money and plan trips of their lifetime\n\n\t\t\t<\/p>\n\t\t\t<\/div>\n<\/div>\t\t\t\t<\/div>\n\t\t\t\t<\/div>\n\t\t\t\t\t<\/div>\n\t\t<\/div>\n\t\t\t\t\t<\/div>\n\t\t<\/section>\n\t\t\t\t<section class=\"elementor-section elementor-top-section elementor-element elementor-element-7d626d5 mkdf-row-grid-section elementor-hidden-desktop elementor-hidden-tablet elementor-hidden-mobile elementor-section-boxed elementor-section-height-default elementor-section-height-default mkdf-parallax-row-no mkdf-content-aligment-left\" data-id=\"7d626d5\" data-element_type=\"section\" data-e-type=\"section\">\n\t\t\t\t\t\t<div class=\"elementor-container elementor-column-gap-default\">\n\t\t\t\t\t<div class=\"elementor-column elementor-col-100 elementor-top-column elementor-element elementor-element-1a967fa\" data-id=\"1a967fa\" data-element_type=\"column\" data-e-type=\"column\">\n\t\t\t<div class=\"elementor-widget-wrap elementor-element-populated\">\n\t\t\t\t\t\t<div class=\"elementor-element elementor-element-f4d10d2 elementor-widget elementor-widget-mkdf_testimonials\" data-id=\"f4d10d2\" data-element_type=\"widget\" data-e-type=\"widget\" data-widget_type=\"mkdf_testimonials.default\">\n\t\t\t\t<div class=\"elementor-widget-container\">\n\t\t\t\t\t<div class=\"mkdf-testimonials-holder clearfix mkdf-testimonials-boxed-text\">\n    <div class=\"mkdf-testimonials mkdf-owl-slider mkdf-border-around\" data-number-of-items=\"4\" data-enable-loop=\"yes\" data-enable-autoplay=\"yes\" data-slider-speed=\"5000\" data-slider-speed-animation=\"600\" data-enable-navigation=\"no\" data-enable-pagination=\"no\" data-slider-margin=\"20\">\n\n        Sorry, no posts matched your criteria.\n    <\/div>\n<\/div>\t\t\t\t<\/div>\n\t\t\t\t<\/div>\n\t\t\t\t\t<\/div>\n\t\t<\/div>\n\t\t\t\t\t<\/div>\n\t\t<\/section>\n\t\t\t\t<\/div>","protected":false},"excerpt":{"rendered":"<p>Start your UnforgettableJourney with us Experium is a luxury Destination Management Company providing exquisite services to the most demanding clients and transforming experiences to unforgettable memories. Experium is part of Galaxia Group, a second generation family business with presence in [&hellip;]<\/p>\n","protected":false},"author":1,"featured_media":0,"parent":0,"menu_order":0,"comment_status":"closed","ping_status":"closed","template":"full-width.php","meta":{"_themeisle_gutenberg_block_has_review":false,"footnotes":""},"class_list":["post-60","page","type-page","status-publish","hentry"],"_links":{"self":[{"href":"https:\/\/experium.travel\/es\/wp-json\/wp\/v2\/pages\/60","targetHints":{"allow":["GET"]}}],"collection":[{"href":"https:\/\/experium.travel\/es\/wp-json\/wp\/v2\/pages"}],"about":[{"href":"https:\/\/experium.travel\/es\/wp-json\/wp\/v2\/types\/page"}],"author":[{"embeddable":true,"href":"https:\/\/experium.travel\/es\/wp-json\/wp\/v2\/users\/1"}],"replies":[{"embeddable":true,"href":"https:\/\/experium.travel\/es\/wp-json\/wp\/v2\/comments?post=60"}],"version-history":[{"count":54,"href":"https:\/\/experium.travel\/es\/wp-json\/wp\/v2\/pages\/60\/revisions"}],"predecessor-version":[{"id":10512,"href":"https:\/\/experium.travel\/es\/wp-json\/wp\/v2\/pages\/60\/revisions\/10512"}],"wp:attachment":[{"href":"https:\/\/experium.travel\/es\/wp-json\/wp\/v2\/media?parent=60"}],"curies":[{"name":"wp","href":"https:\/\/api.w.org\/{rel}","templated":true}]}}