{"id":373,"date":"2018-08-22T08:39:33","date_gmt":"2018-08-22T08:39:33","guid":{"rendered":"https:\/\/backpacktraveler.qodeinteractive.com\/elementor\/?page_id=373"},"modified":"2024-09-04T09:04:30","modified_gmt":"2024-09-04T09:04:30","slug":"get-in-touch","status":"publish","type":"page","link":"https:\/\/experium.travel\/es\/get-in-touch\/","title":{"rendered":"Ponerse en contacto"},"content":{"rendered":"<div data-elementor-type=\"wp-page\" data-elementor-id=\"373\" class=\"elementor elementor-373\">\n\t\t\t\t\t\t<section class=\"elementor-section elementor-top-section elementor-element elementor-element-f6a784e mkdf-row-grid-section elementor-section-content-middle elementor-section-boxed elementor-section-height-default elementor-section-height-default mkdf-parallax-row-no mkdf-content-aligment-left\" data-id=\"f6a784e\" data-element_type=\"section\" data-e-type=\"section\">\n\t\t\t\t\t\t<div class=\"elementor-container elementor-column-gap-default\">\n\t\t\t\t\t<div class=\"elementor-column elementor-col-50 elementor-top-column elementor-element elementor-element-02f0592\" data-id=\"02f0592\" data-element_type=\"column\" data-e-type=\"column\">\n\t\t\t<div class=\"elementor-widget-wrap elementor-element-populated\">\n\t\t\t\t\t\t<div class=\"elementor-element elementor-element-ea51ecc elementor-widget elementor-widget-image\" data-id=\"ea51ecc\" data-element_type=\"widget\" data-e-type=\"widget\" data-widget_type=\"image.default\">\n\t\t\t\t<div class=\"elementor-widget-container\">\n\t\t\t\t\t\t\t\t\t\t\t\t\t\t\t<img fetchpriority=\"high\" decoding=\"async\" width=\"1024\" height=\"1024\" src=\"https:\/\/experium.travel\/wp-content\/uploads\/2024\/04\/Untitled-design-2-1024x1024.png\" class=\"attachment-large size-large wp-image-9577\" alt=\"\" srcset=\"https:\/\/experium.travel\/wp-content\/uploads\/2024\/04\/Untitled-design-2-1024x1024.png 1024w, https:\/\/experium.travel\/wp-content\/uploads\/2024\/04\/Untitled-design-2-300x300.png 300w, https:\/\/experium.travel\/wp-content\/uploads\/2024\/04\/Untitled-design-2-150x150.png 150w, https:\/\/experium.travel\/wp-content\/uploads\/2024\/04\/Untitled-design-2-768x768.png 768w, https:\/\/experium.travel\/wp-content\/uploads\/2024\/04\/Untitled-design-2-650x650.png 650w, https:\/\/experium.travel\/wp-content\/uploads\/2024\/04\/Untitled-design-2-600x600.png 600w, https:\/\/experium.travel\/wp-content\/uploads\/2024\/04\/Untitled-design-2-100x100.png 100w, https:\/\/experium.travel\/wp-content\/uploads\/2024\/04\/Untitled-design-2.png 1080w\" sizes=\"(max-width: 1024px) 100vw, 1024px\" \/>\t\t\t\t\t\t\t\t\t\t\t\t\t\t\t<\/div>\n\t\t\t\t<\/div>\n\t\t\t\t\t<\/div>\n\t\t<\/div>\n\t\t\t\t<div class=\"elementor-column elementor-col-50 elementor-top-column elementor-element elementor-element-5cd7b75\" data-id=\"5cd7b75\" data-element_type=\"column\" data-e-type=\"column\">\n\t\t\t<div class=\"elementor-widget-wrap elementor-element-populated\">\n\t\t\t\t\t\t<div class=\"elementor-element elementor-element-2de82df elementor-widget elementor-widget-text-editor\" data-id=\"2de82df\" data-element_type=\"widget\" data-e-type=\"widget\" data-widget_type=\"text-editor.default\">\n\t\t\t\t<div class=\"elementor-widget-container\">\n\t\t\t\t\t\t\t\t\t<h3>EMPIEZA TU VIAJE<\/h3><p><span style=\"color: #ffffff;\">En Experium, creemos que viajar debe ser m\u00e1s que simplemente visitar un nuevo lugar. Debe ser una oportunidad para explorar y experimentar el mundo de una manera significativa. Perm\u00edtanos ayudarle a crear su pr\u00f3xima aventura y responder a cualquier pregunta que tenga sobre nuestros destinos, experiencias y servicios \u00fanicos.<\/span><\/p>\t\t\t\t\t\t\t\t<\/div>\n\t\t\t\t<\/div>\n\t\t\t\t<div class=\"elementor-element elementor-element-1a86288 elementor-widget elementor-widget-mkdf_cf7\" data-id=\"1a86288\" data-element_type=\"widget\" data-e-type=\"widget\" data-widget_type=\"mkdf_cf7.default\">\n\t\t\t\t<div class=\"elementor-widget-container\">\n\t\t\t\t\t    \n<div class=\"wpcf7 no-js\" id=\"wpcf7-f8423-o1\" lang=\"en-US\" dir=\"ltr\" data-wpcf7-id=\"8423\">\n<div class=\"screen-reader-response\"><p role=\"status\" aria-live=\"polite\" aria-atomic=\"true\"><\/p> <ul><\/ul><\/div>\n<form action=\"\/es\/wp-json\/wp\/v2\/pages\/373#wpcf7-f8423-o1\" method=\"post\" class=\"wpcf7-form init cf7_custom_style_1\" aria-label=\"Contact form\" novalidate=\"novalidate\" data-status=\"init\" data-trp-original-action=\"\/es\/wp-json\/wp\/v2\/pages\/373#wpcf7-f8423-o1\">\n<fieldset class=\"hidden-fields-container\"><input type=\"hidden\" name=\"_wpcf7\" value=\"8423\" \/><input type=\"hidden\" name=\"_wpcf7_version\" value=\"6.1.5\" \/><input type=\"hidden\" name=\"_wpcf7_locale\" value=\"en_US\" \/><input type=\"hidden\" name=\"_wpcf7_unit_tag\" value=\"wpcf7-f8423-o1\" \/><input type=\"hidden\" name=\"_wpcf7_container_post\" value=\"0\" \/><input type=\"hidden\" name=\"_wpcf7_posted_data_hash\" value=\"\" \/><input type=\"hidden\" name=\"_wpcf7_recaptcha_response\" value=\"\" \/>\n<\/fieldset>\n<span class=\"wpcf7-form-control-wrap\" data-name=\"your-name\"><input size=\"40\" maxlength=\"400\" class=\"wpcf7-form-control wpcf7-text wpcf7-validates-as-required\" aria-required=\"true\" aria-invalid=\"false\" placeholder=\"Nombre\" value=\"\" type=\"text\" name=\"your-name\" \/><\/span>\n<span class=\"wpcf7-form-control-wrap\" data-name=\"your-email\"><input size=\"40\" maxlength=\"400\" class=\"wpcf7-form-control wpcf7-email wpcf7-validates-as-required wpcf7-text wpcf7-validates-as-email\" aria-required=\"true\" aria-invalid=\"false\" placeholder=\"Email\" value=\"\" type=\"email\" name=\"your-email\" \/><\/span>\n\n<span class=\"wpcf7-form-control-wrap\" data-name=\"placeholder\"><textarea cols=\"40\" rows=\"10\" maxlength=\"2000\" class=\"wpcf7-form-control wpcf7-textarea wpcf7-validates-as-required\" aria-required=\"true\" aria-invalid=\"false\" name=\"placeholder\">Your Message..<\/textarea><\/span><input class=\"wpcf7-form-control wpcf7-submit has-spinner\" type=\"submit\" value=\"Entregar\" \/><div class=\"wpcf7-response-output\" aria-hidden=\"true\"><\/div>\n<input type=\"hidden\" name=\"trp-form-language\" value=\"es\"\/><\/form>\n<\/div>\n\t\t\t\t<\/div>\n\t\t\t\t<\/div>\n\t\t\t\t\t<\/div>\n\t\t<\/div>\n\t\t\t\t\t<\/div>\n\t\t<\/section>\n\t\t\t\t<\/div>","protected":false},"excerpt":{"rendered":"<p>Get in Touch At Experium, we believe that travel should be more than just visiting a new place. It should be an opportunity to explore and experience the world in a way that&#8217;s meaningful to you. Let us help you [&hellip;]<\/p>\n","protected":false},"author":1,"featured_media":0,"parent":0,"menu_order":0,"comment_status":"closed","ping_status":"closed","template":"full-width.php","meta":{"_themeisle_gutenberg_block_has_review":false,"footnotes":""},"class_list":["post-373","page","type-page","status-publish","hentry"],"_links":{"self":[{"href":"https:\/\/experium.travel\/es\/wp-json\/wp\/v2\/pages\/373","targetHints":{"allow":["GET"]}}],"collection":[{"href":"https:\/\/experium.travel\/es\/wp-json\/wp\/v2\/pages"}],"about":[{"href":"https:\/\/experium.travel\/es\/wp-json\/wp\/v2\/types\/page"}],"author":[{"embeddable":true,"href":"https:\/\/experium.travel\/es\/wp-json\/wp\/v2\/users\/1"}],"replies":[{"embeddable":true,"href":"https:\/\/experium.travel\/es\/wp-json\/wp\/v2\/comments?post=373"}],"version-history":[{"count":22,"href":"https:\/\/experium.travel\/es\/wp-json\/wp\/v2\/pages\/373\/revisions"}],"predecessor-version":[{"id":9882,"href":"https:\/\/experium.travel\/es\/wp-json\/wp\/v2\/pages\/373\/revisions\/9882"}],"wp:attachment":[{"href":"https:\/\/experium.travel\/es\/wp-json\/wp\/v2\/media?parent=373"}],"curies":[{"name":"wp","href":"https:\/\/api.w.org\/{rel}","templated":true}]}}